{"id":12,"date":"2015-01-24T18:04:07","date_gmt":"2015-01-24T18:04:07","guid":{"rendered":"http:\/\/topsail.ee\/?page_id=12"},"modified":"2023-02-22T15:40:54","modified_gmt":"2023-02-22T13:40:54","slug":"kontakt","status":"publish","type":"page","link":"http:\/\/topsail.ee\/?page_id=12","title":{"rendered":"Kontakt"},"content":{"rendered":"<p>Levareisi eest kannab hoolt Topsail O\u00dc kapten Raul Normak, kel purjetamiskogemust selja taga enam kui <em>30 aastat<\/em>. L\u00e4bitud meremiilide j\u00e4rgi on kapten Raul Normak mitu korda \u00fcmber maailma purjetanud ja ookeane \u00fcletanud.<\/p>\n<p>V\u00f5ta \u00fchendust:<\/p>\n<p><a title=\"e-mail\" href=\"mailto:kapten@topsail.ee\" target=\"_blank\" rel=\"noopener\">kapten@topsail.ee<\/a><\/p>\n<p>+372 5030 680<\/p>\n","protected":false},"excerpt":{"rendered":"<p>Levareisi eest kannab hoolt Topsail O\u00dc kapten Raul Normak, kel purjetamiskogemust selja taga enam kui 30 aastat. L\u00e4bitud meremiilide j\u00e4rgi on kapten Raul Normak mitu korda \u00fcmber maailma purjetanud ja ookeane \u00fcletanud. V\u00f5ta \u00fchendust: kapten@topsail.ee +372 5030 680<\/p>\n","protected":false},"author":1,"featured_media":0,"parent":0,"menu_order":4,"comment_status":"open","ping_status":"open","template":"","meta":{"footnotes":""},"class_list":["post-12","page","type-page","status-publish","hentry"],"aioseo_notices":[],"_links":{"self":[{"href":"http:\/\/topsail.ee\/index.php?rest_route=\/wp\/v2\/pages\/12","targetHints":{"allow":["GET"]}}],"collection":[{"href":"http:\/\/topsail.ee\/index.php?rest_route=\/wp\/v2\/pages"}],"about":[{"href":"http:\/\/topsail.ee\/index.php?rest_route=\/wp\/v2\/types\/page"}],"author":[{"embeddable":true,"href":"http:\/\/topsail.ee\/index.php?rest_route=\/wp\/v2\/users\/1"}],"replies":[{"embeddable":true,"href":"http:\/\/topsail.ee\/index.php?rest_route=%2Fwp%2Fv2%2Fcomments&post=12"}],"version-history":[{"count":5,"href":"http:\/\/topsail.ee\/index.php?rest_route=\/wp\/v2\/pages\/12\/revisions"}],"predecessor-version":[{"id":481,"href":"http:\/\/topsail.ee\/index.php?rest_route=\/wp\/v2\/pages\/12\/revisions\/481"}],"wp:attachment":[{"href":"http:\/\/topsail.ee\/index.php?rest_route=%2Fwp%2Fv2%2Fmedia&parent=12"}],"curies":[{"name":"wp","href":"https:\/\/api.w.org\/{rel}","templated":true}]}}