{"id":9,"date":"2015-01-24T18:02:28","date_gmt":"2015-01-24T18:02:28","guid":{"rendered":"http:\/\/topsail.ee\/?page_id=9"},"modified":"2020-11-02T12:56:31","modified_gmt":"2020-11-02T10:56:31","slug":"kambuus","status":"publish","type":"page","link":"http:\/\/topsail.ee\/?page_id=9","title":{"rendered":"Catering"},"content":{"rendered":"<p>Laeva on v\u00f5imalik rentida:<\/p>\n<ul>\n<li>ka koos catering teenusega<\/li>\n<li>toitlustamisega lihtsa men\u00fc\u00fc alusel, hinnaga 20.- \u20ac\/p\u00e4ev<\/li>\n<li>toitlustamisega gourmet men\u00fc\u00fc alusel, hinnaga 35.- \u20ac\/p\u00e4ev<\/li>\n<\/ul>\n<p>Mida leidub Gourmet men\u00fc\u00fcs? M\u00f5ned n\u00e4ited:<\/p>\n<p>Eggs Benedict<\/p>\n<p><a href=\"http:\/\/topsail.ee\/wp-content\/uploads\/2015\/01\/Eggs_Benedict_2.jpg\"><img loading=\"lazy\" decoding=\"async\" class=\"alignnone wp-image-10\" src=\"http:\/\/topsail.ee\/wp-content\/uploads\/2015\/01\/Eggs_Benedict_2.jpg\" alt=\"Eggs_Benedict_2\" width=\"251\" height=\"167\" \/><\/a><\/p>\n<p><a href=\"http:\/\/topsail.ee\/wp-content\/uploads\/2015\/01\/Bouillabaisse1.jpg\"><img loading=\"lazy\" decoding=\"async\" class=\"alignnone wp-image-95\" src=\"http:\/\/topsail.ee\/wp-content\/uploads\/2015\/01\/Bouillabaisse1-300x200.jpg\" alt=\"Bouillabaisse\" width=\"257\" height=\"171\" srcset=\"http:\/\/topsail.ee\/wp-content\/uploads\/2015\/01\/Bouillabaisse1-300x200.jpg 300w, http:\/\/topsail.ee\/wp-content\/uploads\/2015\/01\/Bouillabaisse1.jpg 600w\" sizes=\"auto, (max-width: 257px) 100vw, 257px\" \/><\/a><\/p>\n<p><a href=\"http:\/\/topsail.ee\/wp-content\/uploads\/2015\/01\/Seared_schallops.png\"><img loading=\"lazy\" decoding=\"async\" class=\"alignnone wp-image-96\" src=\"http:\/\/topsail.ee\/wp-content\/uploads\/2015\/01\/Seared_schallops-300x235.png\" alt=\"Seared_schallops\" width=\"257\" height=\"201\" srcset=\"http:\/\/topsail.ee\/wp-content\/uploads\/2015\/01\/Seared_schallops-300x235.png 300w, http:\/\/topsail.ee\/wp-content\/uploads\/2015\/01\/Seared_schallops.png 600w\" sizes=\"auto, (max-width: 257px) 100vw, 257px\" \/><\/a><\/p>\n<p><a href=\"http:\/\/topsail.ee\/wp-content\/uploads\/2015\/01\/Praekala_600.jpg\"><img loading=\"lazy\" decoding=\"async\" class=\"alignnone wp-image-97\" src=\"http:\/\/topsail.ee\/wp-content\/uploads\/2015\/01\/Praekala_600-300x225.jpg\" alt=\"Praekala_600\" width=\"259\" height=\"194\" srcset=\"http:\/\/topsail.ee\/wp-content\/uploads\/2015\/01\/Praekala_600-300x225.jpg 300w, http:\/\/topsail.ee\/wp-content\/uploads\/2015\/01\/Praekala_600-135x100.jpg 135w, http:\/\/topsail.ee\/wp-content\/uploads\/2015\/01\/Praekala_600.jpg 600w\" sizes=\"auto, (max-width: 259px) 100vw, 259px\" \/><\/a><\/p>\n","protected":false},"excerpt":{"rendered":"<p>Laeva on v\u00f5imalik rentida: ka koos catering teenusega toitlustamisega lihtsa men\u00fc\u00fc alusel, hinnaga 20.- \u20ac\/p\u00e4ev toitlustamisega gourmet men\u00fc\u00fc alusel, hinnaga 35.- \u20ac\/p\u00e4ev Mida leidub Gourmet men\u00fc\u00fcs? M\u00f5ned n\u00e4ited: Eggs Benedict<\/p>\n","protected":false},"author":1,"featured_media":0,"parent":0,"menu_order":3,"comment_status":"open","ping_status":"open","template":"","meta":{"footnotes":""},"class_list":["post-9","page","type-page","status-publish","hentry"],"aioseo_notices":[],"_links":{"self":[{"href":"http:\/\/topsail.ee\/index.php?rest_route=\/wp\/v2\/pages\/9","targetHints":{"allow":["GET"]}}],"collection":[{"href":"http:\/\/topsail.ee\/index.php?rest_route=\/wp\/v2\/pages"}],"about":[{"href":"http:\/\/topsail.ee\/index.php?rest_route=\/wp\/v2\/types\/page"}],"author":[{"embeddable":true,"href":"http:\/\/topsail.ee\/index.php?rest_route=\/wp\/v2\/users\/1"}],"replies":[{"embeddable":true,"href":"http:\/\/topsail.ee\/index.php?rest_route=%2Fwp%2Fv2%2Fcomments&post=9"}],"version-history":[{"count":4,"href":"http:\/\/topsail.ee\/index.php?rest_route=\/wp\/v2\/pages\/9\/revisions"}],"predecessor-version":[{"id":396,"href":"http:\/\/topsail.ee\/index.php?rest_route=\/wp\/v2\/pages\/9\/revisions\/396"}],"wp:attachment":[{"href":"http:\/\/topsail.ee\/index.php?rest_route=%2Fwp%2Fv2%2Fmedia&parent=9"}],"curies":[{"name":"wp","href":"https:\/\/api.w.org\/{rel}","templated":true}]}}