{"id":103,"date":"2015-01-25T14:55:32","date_gmt":"2015-01-25T12:55:32","guid":{"rendered":"http:\/\/topsail.ee\/?page_id=103"},"modified":"2021-01-14T09:47:27","modified_gmt":"2021-01-14T07:47:27","slug":"charter-2","status":"publish","type":"page","link":"https:\/\/topsail.ee\/?page_id=103","title":{"rendered":"Horvaatia"},"content":{"rendered":"<p>Topsail O\u00dc rendib 2021.a hooajal Lagoon t\u00fc\u00fcpi purjekatamaraane Horvaatias. Teekond algab ja l\u00f5ppeb Spliti v\u00f5i Trogiri sadamas. Merel veedame 6 p\u00e4eva ja plaan on j\u00e4rgmine:<\/p>\n<p>DAY 1: Split-Drevnik Veli 16 nm<\/p>\n<p>DAY 2: Drevnik Veli-Primosten 16 nm<\/p>\n<p>DAY 3: Primosten-Zirje 25 nm<\/p>\n<p>DAY 4: Zirje- Vis 44 nm<\/p>\n<p>DAY 5: Vis-Palmizana \/ Hvar 25 nm<\/p>\n<p>Day 6: Hvar-Split 22 nm<\/p>\n<p>Loomulikult arvestame ilmaga ja vajadusel muudame teekonda.<\/p>\n","protected":false},"excerpt":{"rendered":"<p>Topsail O\u00dc rendib 2021.a hooajal Lagoon t\u00fc\u00fcpi purjekatamaraane Horvaatias. Teekond algab ja l\u00f5ppeb Spliti v\u00f5i Trogiri sadamas. Merel veedame 6 p\u00e4eva ja plaan on j\u00e4rgmine: DAY 1: Split-Drevnik Veli 16 nm DAY 2: Drevnik Veli-Primosten 16 nm DAY 3: Primosten-Zirje 25 nm DAY 4: Zirje- Vis 44 nm DAY 5: Vis-Palmizana \/ Hvar 25 nm [&hellip;]<\/p>\n","protected":false},"author":1,"featured_media":0,"parent":0,"menu_order":0,"comment_status":"open","ping_status":"open","template":"","meta":{"footnotes":""},"class_list":["post-103","page","type-page","status-publish","hentry"],"aioseo_notices":[],"_links":{"self":[{"href":"https:\/\/topsail.ee\/index.php?rest_route=\/wp\/v2\/pages\/103","targetHints":{"allow":["GET"]}}],"collection":[{"href":"https:\/\/topsail.ee\/index.php?rest_route=\/wp\/v2\/pages"}],"about":[{"href":"https:\/\/topsail.ee\/index.php?rest_route=\/wp\/v2\/types\/page"}],"author":[{"embeddable":true,"href":"https:\/\/topsail.ee\/index.php?rest_route=\/wp\/v2\/users\/1"}],"replies":[{"embeddable":true,"href":"https:\/\/topsail.ee\/index.php?rest_route=%2Fwp%2Fv2%2Fcomments&post=103"}],"version-history":[{"count":5,"href":"https:\/\/topsail.ee\/index.php?rest_route=\/wp\/v2\/pages\/103\/revisions"}],"predecessor-version":[{"id":395,"href":"https:\/\/topsail.ee\/index.php?rest_route=\/wp\/v2\/pages\/103\/revisions\/395"}],"wp:attachment":[{"href":"https:\/\/topsail.ee\/index.php?rest_route=%2Fwp%2Fv2%2Fmedia&parent=103"}],"curies":[{"name":"wp","href":"https:\/\/api.w.org\/{rel}","templated":true}]}}