{"id":203,"date":"2015-02-17T10:54:39","date_gmt":"2015-02-17T08:54:39","guid":{"rendered":"http:\/\/topsail.ee\/?page_id=203"},"modified":"2023-03-15T13:03:09","modified_gmt":"2023-03-15T11:03:09","slug":"rendihinnad-kreekas","status":"publish","type":"page","link":"https:\/\/topsail.ee\/?page_id=203","title":{"rendered":"\u00c4rikoolituse  hinnad"},"content":{"rendered":"<p>\u00c4rikoolituse ligikaudne hind \u20ac\/p\u00e4ev.&nbsp;&nbsp;K\u00fcsi t\u00e4pne hind, mis s\u00f5ltub s\u00fcndmuse iseloomust ja Topsail O\u00dc kohustustest seoses s\u00fcndmusega (n\u00e4iteks vajaliku kvalifikatsiooniga koolitaja leidmine, toitlustamine, meelelahutus jms.)<\/p>\n<table style=\"height: 254px;\" width=\"828\">\n<tbody>\n<tr>\n<td width=\"117\"><\/td>\n<td width=\"42\"><\/td>\n<td width=\"40\"><\/td>\n<td style=\"text-align: center;\" width=\"77\">Periood E<\/td>\n<td style=\"text-align: center;\" width=\"77\">Periood D<\/td>\n<td style=\"text-align: center;\" width=\"77\">Periood C<\/td>\n<td style=\"text-align: center;\" width=\"77\">Periood B<\/td>\n<td style=\"text-align: center;\" width=\"65\">Periood A<\/td>\n<\/tr>\n<tr>\n<td style=\"text-align: center;\">Teenus<\/td>\n<td style=\"text-align: center;\"><\/td>\n<td style=\"text-align: center;\"><\/td>\n<td style=\"text-align: center;\">17.10.-25.04<\/td>\n<td style=\"text-align: center;\">25.04.-23.05<\/td>\n<td style=\"text-align: center;\">23.05.-20.06<\/td>\n<td style=\"text-align: center;\">20.06.-1.08<\/td>\n<td style=\"text-align: center;\">1.08.-17.10<\/td>\n<\/tr>\n<tr>\n<td><\/td>\n<td><\/td>\n<td><\/td>\n<td><\/td>\n<td><\/td>\n<td><\/td>\n<td><\/td>\n<td><\/td>\n<\/tr>\n<tr>\n<td>&nbsp;Renditasu<\/td>\n<td style=\"text-align: center;\">n\u00e4dal<\/td>\n<td style=\"text-align: center;\">\u20ac<\/td>\n<td style=\"text-align: center;\">3.500<\/td>\n<td style=\"text-align: center;\">4.100<\/td>\n<td style=\"text-align: center;\">4.800<\/td>\n<td style=\"text-align: center;\">5.300<\/td>\n<td style=\"text-align: center;\">5.750<\/td>\n<\/tr>\n<tr>\n<td>&nbsp;Kaptenitasu<\/td>\n<td style=\"text-align: center;\">n\u00e4dal<\/td>\n<td style=\"text-align: center;\">\u20ac<\/td>\n<td style=\"text-align: center;\">1.100<\/td>\n<td style=\"text-align: center;\">1.100<\/td>\n<td style=\"text-align: center;\">1.100<\/td>\n<td style=\"text-align: center;\">1.100<\/td>\n<td style=\"text-align: center;\">1.100<\/td>\n<\/tr>\n<tr>\n<td>&nbsp;Koolitus\/seminar<\/td>\n<td style=\"text-align: center;\">p\u00e4ev<\/td>\n<td style=\"text-align: center;\">\u20ac<\/td>\n<td style=\"text-align: center;\">900<\/td>\n<td style=\"text-align: center;\">1000<\/td>\n<td style=\"text-align: center;\">1200<\/td>\n<td style=\"text-align: center;\">1.400<\/td>\n<td style=\"text-align: center;\">1.500<\/td>\n<\/tr>\n<\/tbody>\n<\/table>\n<p>OPTIONALS<\/p>\n<p>Food (per\/person): &#8211; coffe break 15\u20ac &#8211; lunch 20\u20ac&nbsp; &#8211; dinner 30\u20ac<br \/>\nHostess \/ day + food 125\u20ac<\/p>\n<p>TERMS OF PAYMENT<\/p>\n<p>50% 7 days upon signment (10% non refundable-according to chartering conditions)<br \/>\n50% 4 weeks prior commencement<\/p>\n<p>CANCELLATION<\/p>\n<p>Between 90-60 days before embarkation, 30% to the total charter amount<\/p>\n<p>Between 60-30 days before embarkation, 50% to the total charter amount<\/p>\n<p>Less than 30 days before embarkation, 100% to the total charter amount<\/p>\n<p>Any time over 90 days, dossier fees 250\u20ac<\/p>\n","protected":false},"excerpt":{"rendered":"<p>\u00c4rikoolituse ligikaudne hind \u20ac\/p\u00e4ev.&nbsp;&nbsp;K\u00fcsi t\u00e4pne hind, mis s\u00f5ltub s\u00fcndmuse iseloomust ja Topsail O\u00dc kohustustest seoses s\u00fcndmusega (n\u00e4iteks vajaliku kvalifikatsiooniga koolitaja leidmine, toitlustamine, meelelahutus jms.) Periood E Periood D Periood C Periood B Periood A Teenus 17.10.-25.04 25.04.-23.05 23.05.-20.06 20.06.-1.08 1.08.-17.10 &nbsp;Renditasu n\u00e4dal \u20ac 3.500 4.100 4.800 5.300 5.750 &nbsp;Kaptenitasu n\u00e4dal \u20ac 1.100 1.100 1.100 1.100 [&hellip;]<\/p>\n","protected":false},"author":1,"featured_media":0,"parent":199,"menu_order":0,"comment_status":"open","ping_status":"open","template":"","meta":{"footnotes":""},"class_list":["post-203","page","type-page","status-publish","hentry"],"aioseo_notices":[],"_links":{"self":[{"href":"https:\/\/topsail.ee\/index.php?rest_route=\/wp\/v2\/pages\/203","targetHints":{"allow":["GET"]}}],"collection":[{"href":"https:\/\/topsail.ee\/index.php?rest_route=\/wp\/v2\/pages"}],"about":[{"href":"https:\/\/topsail.ee\/index.php?rest_route=\/wp\/v2\/types\/page"}],"author":[{"embeddable":true,"href":"https:\/\/topsail.ee\/index.php?rest_route=\/wp\/v2\/users\/1"}],"replies":[{"embeddable":true,"href":"https:\/\/topsail.ee\/index.php?rest_route=%2Fwp%2Fv2%2Fcomments&post=203"}],"version-history":[{"count":5,"href":"https:\/\/topsail.ee\/index.php?rest_route=\/wp\/v2\/pages\/203\/revisions"}],"predecessor-version":[{"id":490,"href":"https:\/\/topsail.ee\/index.php?rest_route=\/wp\/v2\/pages\/203\/revisions\/490"}],"up":[{"embeddable":true,"href":"https:\/\/topsail.ee\/index.php?rest_route=\/wp\/v2\/pages\/199"}],"wp:attachment":[{"href":"https:\/\/topsail.ee\/index.php?rest_route=%2Fwp%2Fv2%2Fmedia&parent=203"}],"curies":[{"name":"wp","href":"https:\/\/api.w.org\/{rel}","templated":true}]}}