{"id":433,"date":"2023-02-21T12:21:44","date_gmt":"2023-02-21T10:21:44","guid":{"rendered":"http:\/\/topsail.ee\/?page_id=433"},"modified":"2023-02-21T19:00:27","modified_gmt":"2023-02-21T17:00:27","slug":"arkikohtumised-katamaraani-pardal","status":"publish","type":"page","link":"https:\/\/topsail.ee\/?page_id=433","title":{"rendered":"\u00c4rikohtumised ja koosolekud"},"content":{"rendered":"<p>\u00c4rikohtumised on t\u00f6\u00f6elu oluline osa ning m\u00f5ned neist vajavad veidi lisat\u00e4helepanu. Selle asemel, et kasutada tavap\u00e4rast konverentsiruumi v\u00f5i kontorit, vajavad teatud kohtumised midagi erilist, et m\u00e4rkida selle t\u00e4htsust, majutada olulisi k\u00fclalisi ja lisada energiat ja entusiasmi keerukate \u00fclesannete jaoks.<br \/>\nSa v\u00f5id olla h\u00e4mmastunud sellest, kui palju tootlikkust m\u00f5jutab keskkonna muutus! Kohtumised paadil, mida saab h\u00f5lpsasti korraldada jahi rentimisega, pakuvad v\u00e4ljap\u00e4\u00e4su kontorikeskkonna stressist ning erakordse atmosf\u00e4\u00e4ri ettev\u00f5tte \u00fcritustele.<\/p>\n<p><a href=\"http:\/\/topsail.ee\/wp-content\/uploads\/2023\/02\/Koosolek_4.webp\"><img loading=\"lazy\" decoding=\"async\" class=\"alignnone size-medium wp-image-430\" src=\"http:\/\/topsail.ee\/wp-content\/uploads\/2023\/02\/Koosolek_4-300x200.webp\" alt=\"\" width=\"300\" height=\"200\"><\/a><\/p>\n","protected":false},"excerpt":{"rendered":"<p>\u00c4rikohtumised on t\u00f6\u00f6elu oluline osa ning m\u00f5ned neist vajavad veidi lisat\u00e4helepanu. Selle asemel, et kasutada tavap\u00e4rast konverentsiruumi v\u00f5i kontorit, vajavad teatud kohtumised midagi erilist, et m\u00e4rkida selle t\u00e4htsust, majutada olulisi k\u00fclalisi ja lisada energiat ja entusiasmi keerukate \u00fclesannete jaoks. Sa v\u00f5id olla h\u00e4mmastunud sellest, kui palju tootlikkust m\u00f5jutab keskkonna muutus! Kohtumised paadil, mida saab h\u00f5lpsasti [&hellip;]<\/p>\n","protected":false},"author":1,"featured_media":0,"parent":199,"menu_order":0,"comment_status":"closed","ping_status":"closed","template":"","meta":{"footnotes":""},"class_list":["post-433","page","type-page","status-publish","hentry"],"aioseo_notices":[],"_links":{"self":[{"href":"https:\/\/topsail.ee\/index.php?rest_route=\/wp\/v2\/pages\/433","targetHints":{"allow":["GET"]}}],"collection":[{"href":"https:\/\/topsail.ee\/index.php?rest_route=\/wp\/v2\/pages"}],"about":[{"href":"https:\/\/topsail.ee\/index.php?rest_route=\/wp\/v2\/types\/page"}],"author":[{"embeddable":true,"href":"https:\/\/topsail.ee\/index.php?rest_route=\/wp\/v2\/users\/1"}],"replies":[{"embeddable":true,"href":"https:\/\/topsail.ee\/index.php?rest_route=%2Fwp%2Fv2%2Fcomments&post=433"}],"version-history":[{"count":5,"href":"https:\/\/topsail.ee\/index.php?rest_route=\/wp\/v2\/pages\/433\/revisions"}],"predecessor-version":[{"id":465,"href":"https:\/\/topsail.ee\/index.php?rest_route=\/wp\/v2\/pages\/433\/revisions\/465"}],"up":[{"embeddable":true,"href":"https:\/\/topsail.ee\/index.php?rest_route=\/wp\/v2\/pages\/199"}],"wp:attachment":[{"href":"https:\/\/topsail.ee\/index.php?rest_route=%2Fwp%2Fv2%2Fmedia&parent=433"}],"curies":[{"name":"wp","href":"https:\/\/api.w.org\/{rel}","templated":true}]}}