{"id":5,"date":"2015-01-24T17:57:04","date_gmt":"2015-01-24T17:57:04","guid":{"rendered":"http:\/\/topsail.ee\/?page_id=5"},"modified":"2023-02-21T14:40:03","modified_gmt":"2023-02-21T12:40:03","slug":"charter","status":"publish","type":"page","link":"https:\/\/topsail.ee\/?page_id=5","title":{"rendered":"Rendihinnad Horvaatias"},"content":{"rendered":"<p>Ligikaudne laeva rendihind eurodes n\u00e4dala kohta. K\u00fcsi t\u00e4pne hind, mis s\u00f5ltub reisi alguse- ja l\u00f5ppsadamast.<\/p>\n<table style=\"height: 324px;\" width=\"865\">\n<tbody>\n<tr>\n<td width=\"73\">model<\/td>\n<td width=\"40\">year<\/td>\n<td width=\"30\">cabins<\/td>\n<td style=\"text-align: center;\" width=\"68\">01.01.-25.04.<\/td>\n<td style=\"text-align: center;\" width=\"68\">25.04 -23.05<\/td>\n<td style=\"text-align: center;\" width=\"68\">23.05-06.06<\/td>\n<td style=\"text-align: center;\" width=\"68\">06.06-13.06<\/td>\n<td style=\"text-align: center;\" width=\"68\">13.06-27.06<\/td>\n<td style=\"text-align: center;\" width=\"68\">27.06-22.08<\/td>\n<\/tr>\n<tr>\n<td style=\"text-align: center;\"><\/td>\n<td style=\"text-align: center;\"><\/td>\n<td style=\"text-align: center;\"><\/td>\n<td style=\"text-align: center;\">24.10.-31.12.<\/td>\n<td style=\"text-align: center;\">03.10-24.10<\/td>\n<td style=\"text-align: center;\">19.09-03.10<\/td>\n<td style=\"text-align: center;\">12.09-19.09<\/td>\n<td style=\"text-align: center;\">22.08-12.09<\/td>\n<td style=\"text-align: center;\"><\/td>\n<\/tr>\n<tr>\n<td>Lagoon 39<\/td>\n<td style=\"text-align: center;\">2018<\/td>\n<td style=\"text-align: center;\">4<\/td>\n<td style=\"text-align: center;\">2.650<\/td>\n<td style=\"text-align: center;\">3.350<\/td>\n<td style=\"text-align: center;\">4.250<\/td>\n<td style=\"text-align: center;\">4.850<\/td>\n<td style=\"text-align: center;\">5.350<\/td>\n<td style=\"text-align: center;\">5.850<\/td>\n<\/tr>\n<tr>\n<td>Lagoon 400<\/td>\n<td style=\"text-align: center;\">2019<\/td>\n<td style=\"text-align: center;\">4<\/td>\n<td style=\"text-align: center;\">3.350<\/td>\n<td style=\"text-align: center;\">4.490<\/td>\n<td style=\"text-align: center;\">5.100<\/td>\n<td style=\"text-align: center;\">5.330<\/td>\n<td style=\"text-align: center;\">5.950<\/td>\n<td style=\"text-align: center;\">6.850<\/td>\n<\/tr>\n<tr>\n<td>Lagoon 450 S<\/td>\n<td style=\"text-align: center;\">2019<\/td>\n<td style=\"text-align: center;\">4<\/td>\n<td style=\"text-align: center;\">4.990<\/td>\n<td style=\"text-align: center;\">5.890<\/td>\n<td style=\"text-align: center;\">6.960<\/td>\n<td style=\"text-align: center;\">7.560<\/td>\n<td style=\"text-align: center;\">9.120<\/td>\n<td style=\"text-align: center;\">9.830<\/td>\n<\/tr>\n<tr>\n<td>Lagoon 52 *<\/td>\n<td style=\"text-align: center;\">2019<\/td>\n<td style=\"text-align: center;\">5<\/td>\n<td style=\"text-align: center;\">7.850<\/td>\n<td style=\"text-align: center;\">10.870<\/td>\n<td style=\"text-align: center;\">13.240<\/td>\n<td style=\"text-align: center;\">14.650<\/td>\n<td style=\"text-align: center;\">15.850<\/td>\n<td style=\"text-align: center;\">17.590<\/td>\n<\/tr>\n<\/tbody>\n<\/table>\n<p>* renditakse ainult koos kapteniga<\/p>\n<p><strong><span style=\"text-decoration: underline;\">OPTIONALS<\/span><\/strong><\/p>\n<table border=\"0\" cellspacing=\"0\">\n<tbody>\n<tr>\n<td>outboard engine \/ weekly &#8211; for sailing and motor boats<\/td>\n<td align=\"right\">80\u20ac<\/td>\n<\/tr>\n<tr>\n<td>skipper \/ day + food &lt; 15m &#8211; for sailing boats<\/td>\n<td align=\"right\">125\u20ac<\/td>\n<\/tr>\n<tr>\n<td>skipper \/ day + food &gt; 15m &#8211; for catamaran<\/td>\n<td align=\"right\">150\u20ac<\/td>\n<\/tr>\n<tr>\n<td>skipper \/ day + food &#8211; for motor boats<\/td>\n<td align=\"right\">150\u20ac<\/td>\n<\/tr>\n<tr>\n<td>hostess \/ day + food<\/td>\n<td align=\"right\">125\u20ac<\/td>\n<\/tr>\n<tr>\n<td>Snorkelling equipment \/ set<\/td>\n<td align=\"right\">15\u20ac<\/td>\n<\/tr>\n<tr>\n<td>Beach towels (set of 8) \/ week<\/td>\n<td align=\"right\">40\u20ac<\/td>\n<\/tr>\n<\/tbody>\n<\/table>\n<table style=\"height: 188px;\" border=\"0\" width=\"428\" cellspacing=\"0\">\n<tbody>\n<tr>\n<th style=\"text-align: left;\" colspan=\"3\">COMFORT PACKAGE per week include:<\/th>\n<\/tr>\n<tr>\n<td colspan=\"3\">includes final cleaning, liquid for dishes with sponge, bin bag, toilet paper, soap, table cloth, paper tissues, matches, bath shower and hair shampoo (1 set per cabin) 5 L fuel for outboarder and outboard engine<\/td>\n<\/tr>\n<tr>\n<td width=\"150\">catamarans<\/td>\n<td align=\"right\" width=\"100\">&lt;40 feet<\/td>\n<td align=\"right\" width=\"100\">230\u20ac<\/td>\n<\/tr>\n<tr>\n<td width=\"150\">catamarans<\/td>\n<td align=\"right\" width=\"100\">40&gt; feet<\/td>\n<td align=\"right\" width=\"100\">250\u20ac<\/td>\n<\/tr>\n<tr>\n<td width=\"150\">catamarans<\/td>\n<td align=\"right\" width=\"100\">50&gt; feet<\/td>\n<td align=\"right\" width=\"100\">300\u20ac<\/td>\n<\/tr>\n<\/tbody>\n<\/table>\n<p><strong><span style=\"text-decoration: underline;\"><br \/>\nTERMS OF PAYMENT<\/span><\/strong><\/p>\n<p>50% 7 days upon signment (10% non refundable-according to chartering conditions)<br \/>\n50% 4 weeks prior commencement<\/p>\n<p><strong><span style=\"text-decoration: underline;\">DISCOUNTS<\/span><\/strong><\/p>\n<p>5% early booking (valid up to 6 months before the charter date)<br \/>\n5% boatshows, 5% repetead client<br \/>\n5% two weeks, 5% (2,3 boats)<br \/>\n10% three weeks or more<br \/>\nspecial discounts according to special offers<\/p>\n<p><strong>CHECK IN <\/strong>&nbsp;&nbsp;&nbsp;&nbsp;&nbsp;&nbsp;Saturday after 17.00<br \/>\n<strong>CHECK OUT <\/strong>&nbsp;&nbsp;&nbsp;Saturday before 09.00<\/p>\n","protected":false},"excerpt":{"rendered":"<p>Ligikaudne laeva rendihind eurodes n\u00e4dala kohta. K\u00fcsi t\u00e4pne hind, mis s\u00f5ltub reisi alguse- ja l\u00f5ppsadamast. model year cabins 01.01.-25.04. 25.04 -23.05 23.05-06.06 06.06-13.06 13.06-27.06 27.06-22.08 24.10.-31.12. 03.10-24.10 19.09-03.10 12.09-19.09 22.08-12.09 Lagoon 39 2018 4 2.650 3.350 4.250 4.850 5.350 5.850 Lagoon 400 2019 4 3.350 4.490 5.100 5.330 5.950 6.850 Lagoon 450 S 2019 4 [&hellip;]<\/p>\n","protected":false},"author":1,"featured_media":0,"parent":103,"menu_order":1,"comment_status":"open","ping_status":"open","template":"","meta":{"footnotes":""},"class_list":["post-5","page","type-page","status-publish","hentry"],"aioseo_notices":[],"_links":{"self":[{"href":"https:\/\/topsail.ee\/index.php?rest_route=\/wp\/v2\/pages\/5","targetHints":{"allow":["GET"]}}],"collection":[{"href":"https:\/\/topsail.ee\/index.php?rest_route=\/wp\/v2\/pages"}],"about":[{"href":"https:\/\/topsail.ee\/index.php?rest_route=\/wp\/v2\/types\/page"}],"author":[{"embeddable":true,"href":"https:\/\/topsail.ee\/index.php?rest_route=\/wp\/v2\/users\/1"}],"replies":[{"embeddable":true,"href":"https:\/\/topsail.ee\/index.php?rest_route=%2Fwp%2Fv2%2Fcomments&post=5"}],"version-history":[{"count":5,"href":"https:\/\/topsail.ee\/index.php?rest_route=\/wp\/v2\/pages\/5\/revisions"}],"predecessor-version":[{"id":443,"href":"https:\/\/topsail.ee\/index.php?rest_route=\/wp\/v2\/pages\/5\/revisions\/443"}],"up":[{"embeddable":true,"href":"https:\/\/topsail.ee\/index.php?rest_route=\/wp\/v2\/pages\/103"}],"wp:attachment":[{"href":"https:\/\/topsail.ee\/index.php?rest_route=%2Fwp%2Fv2%2Fmedia&parent=5"}],"curies":[{"name":"wp","href":"https:\/\/api.w.org\/{rel}","templated":true}]}}